{"id":218,"date":"2021-04-05T16:15:11","date_gmt":"2021-04-05T16:15:11","guid":{"rendered":"https:\/\/quimicosaldeia.pt\/?post_type=product&#038;p=218"},"modified":"2021-09-27T11:15:43","modified_gmt":"2021-09-27T11:15:43","slug":"secador-de-maos-typhon-de-alto-desempenho-branco","status":"publish","type":"product","link":"https:\/\/quimicosaldeia.pt\/index.php\/produto\/secador-de-maos-typhon-de-alto-desempenho-branco\/","title":{"rendered":"SECADOR DE M\u00c3OS  TYPHON DE ALTO DESEMPENHO BRANCO"},"content":{"rendered":"<p><a href=\"https:\/\/quimicosaldeia.pt\/wp-content\/uploads\/2021\/04\/AA25050.pdf\">AA25050<\/a><\/p>\n","protected":false},"excerpt":{"rendered":"<div class=\"sku\"><span class=\"label\">\u00a0<\/span><span class=\"value\">AA25050<\/span><\/div>\n<div class=\"short-description\">\n<div class=\"std\">* Fabricado em ABS antibacteriano.<br \/>\n* ABS injetado com \u00edons de prata.<br \/>\n* Previne a forma\u00e7\u00e3o de bact\u00e9rias, fungos e bolores.<br \/>\n* Sistema de evapora\u00e7\u00e3o de \u00e1gua patenteado exclusivo.<br \/>\n* N\u00e3o necessita de bandeja coletora.<br \/>\n* Alto desempenho (540 Km \/ h).<br \/>\n* Seca em 10 segundos.<br \/>\n* Filtro HEPA grande.<br \/>\n* Sensores de aviso de incidente.<br \/>\n* Painel de luz informativo.<br \/>\n* Pequeno tamanho e volume.<br \/>\n* Leve (6,65 Kg).<br \/>\n* Baixo ru\u00eddo (65,6 dB a 2 metros).<br \/>\n* Desconex\u00e3o da resist\u00eancia quando a temperatura ambiente&gt; 25\u00baC.<br \/>\n* Sa\u00edda de ar tipo cortina.<br \/>\n*Poupan\u00e7a de energia.<br \/>\n* Prote\u00e7\u00e3o Ambiental.<br \/>\n* Design moderno e atraente.<br \/>\n* 4 cores: branco, prata, grafite e preto.<br \/>\n* Consumo m\u00ednimo.<br \/>\n* LED brilhante de per\u00edmetro.<br \/>\n* Fabricado na UE.<br \/>\n* Aprovado<\/div>\n<\/div>\n","protected":false},"featured_media":220,"comment_status":"open","ping_status":"closed","template":"","meta":[],"product_brand":[],"product_cat":[21,46],"product_tag":[96,95,97,94],"class_list":{"0":"post-218","1":"product","2":"type-product","3":"status-publish","4":"has-post-thumbnail","6":"product_cat-equipamentos","7":"product_cat-secadores-maos","8":"product_tag-dispensador","9":"product_tag-eletrico","10":"product_tag-equipamentos","11":"product_tag-secador-de-maos","13":"first","14":"instock","15":"sale","16":"purchasable","17":"product-type-simple"},"_links":{"self":[{"href":"https:\/\/quimicosaldeia.pt\/index.php\/wp-json\/wp\/v2\/product\/218","targetHints":{"allow":["GET"]}}],"collection":[{"href":"https:\/\/quimicosaldeia.pt\/index.php\/wp-json\/wp\/v2\/product"}],"about":[{"href":"https:\/\/quimicosaldeia.pt\/index.php\/wp-json\/wp\/v2\/types\/product"}],"replies":[{"embeddable":true,"href":"https:\/\/quimicosaldeia.pt\/index.php\/wp-json\/wp\/v2\/comments?post=218"}],"wp:featuredmedia":[{"embeddable":true,"href":"https:\/\/quimicosaldeia.pt\/index.php\/wp-json\/wp\/v2\/media\/220"}],"wp:attachment":[{"href":"https:\/\/quimicosaldeia.pt\/index.php\/wp-json\/wp\/v2\/media?parent=218"}],"wp:term":[{"taxonomy":"product_brand","embeddable":true,"href":"https:\/\/quimicosaldeia.pt\/index.php\/wp-json\/wp\/v2\/product_brand?post=218"},{"taxonomy":"product_cat","embeddable":true,"href":"https:\/\/quimicosaldeia.pt\/index.php\/wp-json\/wp\/v2\/product_cat?post=218"},{"taxonomy":"product_tag","embeddable":true,"href":"https:\/\/quimicosaldeia.pt\/index.php\/wp-json\/wp\/v2\/product_tag?post=218"}],"curies":[{"name":"wp","href":"https:\/\/api.w.org\/{rel}","templated":true}]}}