{"id":221,"date":"2021-04-07T16:00:07","date_gmt":"2021-04-07T16:00:07","guid":{"rendered":"https:\/\/quimicosaldeia.pt\/?post_type=product&#038;p=221"},"modified":"2025-06-11T14:37:05","modified_gmt":"2025-06-11T14:37:05","slug":"desincrustante-anti-calcario-wc-concentralia","status":"publish","type":"product","link":"https:\/\/quimicosaldeia.pt\/index.php\/produto\/desincrustante-anti-calcario-wc-concentralia\/","title":{"rendered":"Desincrustante anti-calc\u00e1rio wc 425ml Concentralia"},"content":{"rendered":"","protected":false},"excerpt":{"rendered":"<p>Eficaz desincrustante anti-calc\u00e1rio,<\/p>\n<ul>\n<li>Desinfeta sem \u00e1gua sanit\u00e1ria<\/li>\n<li>Super brilho e anti-redeposi\u00e7\u00e3o<\/li>\n<li>Efeito repelente de \u00e1gua<\/li>\n<li>Removedor de incrusta\u00e7\u00f5es<\/li>\n<li>Desoxidante<\/li>\n<li>Fragr\u00e2ncia refrescante<\/li>\n<li>Reduz packaging<\/li>\n<\/ul>\n<p>&nbsp;<\/p>\n<p>Modo utiliza\u00e7\u00e3o:<\/p>\n<p>Depois de encher a garrafa com \u00e1gua da torneira, o produto est\u00e1 pronto a ser utilizado.\u00a0Posteriormente, pode-se encher a garrafa com \u00e1gua da torneira do lado \u00c1GUA \/ \u00c1GUA at\u00e9 48 vezes e obter at\u00e9 15 litros de produto pronto a usar = 20 garrafas de 750ml.\u00a0Borrife, espalhe e esfregue com um pano, escova ou esfreg\u00e3o.\u00a0Aguarde alguns segundos e enxague com \u00e1gua ou pano h\u00famido.<\/p>\n<p>&nbsp;<\/p>\n<p><img decoding=\"async\" src=\"https:\/\/concentralia.es\/wp-content\/uploads\/2019\/03\/instrucciones_prod2-1.jpg\" \/><\/p>\n","protected":false},"featured_media":222,"comment_status":"open","ping_status":"closed","template":"","meta":[],"product_brand":[],"product_cat":[23,63],"product_tag":[101,98,99,100],"class_list":{"0":"post-221","1":"product","2":"type-product","3":"status-publish","4":"has-post-thumbnail","6":"product_cat-quimicos","7":"product_cat-wc","8":"product_tag-anti-calcario","9":"product_tag-concentrado","10":"product_tag-desincrustante","11":"product_tag-wc","13":"first","14":"instock","15":"sale","16":"purchasable","17":"product-type-simple"},"_links":{"self":[{"href":"https:\/\/quimicosaldeia.pt\/index.php\/wp-json\/wp\/v2\/product\/221","targetHints":{"allow":["GET"]}}],"collection":[{"href":"https:\/\/quimicosaldeia.pt\/index.php\/wp-json\/wp\/v2\/product"}],"about":[{"href":"https:\/\/quimicosaldeia.pt\/index.php\/wp-json\/wp\/v2\/types\/product"}],"replies":[{"embeddable":true,"href":"https:\/\/quimicosaldeia.pt\/index.php\/wp-json\/wp\/v2\/comments?post=221"}],"wp:featuredmedia":[{"embeddable":true,"href":"https:\/\/quimicosaldeia.pt\/index.php\/wp-json\/wp\/v2\/media\/222"}],"wp:attachment":[{"href":"https:\/\/quimicosaldeia.pt\/index.php\/wp-json\/wp\/v2\/media?parent=221"}],"wp:term":[{"taxonomy":"product_brand","embeddable":true,"href":"https:\/\/quimicosaldeia.pt\/index.php\/wp-json\/wp\/v2\/product_brand?post=221"},{"taxonomy":"product_cat","embeddable":true,"href":"https:\/\/quimicosaldeia.pt\/index.php\/wp-json\/wp\/v2\/product_cat?post=221"},{"taxonomy":"product_tag","embeddable":true,"href":"https:\/\/quimicosaldeia.pt\/index.php\/wp-json\/wp\/v2\/product_tag?post=221"}],"curies":[{"name":"wp","href":"https:\/\/api.w.org\/{rel}","templated":true}]}}