{"id":224,"date":"2021-04-07T18:43:27","date_gmt":"2021-04-07T18:43:27","guid":{"rendered":"https:\/\/quimicosaldeia.pt\/?post_type=product&#038;p=224"},"modified":"2022-03-07T17:04:06","modified_gmt":"2022-03-07T17:04:06","slug":"cloro-ativo-detergente-wc-cozinhas-concentralia","status":"publish","type":"product","link":"https:\/\/quimicosaldeia.pt\/index.php\/produto\/cloro-ativo-detergente-wc-cozinhas-concentralia\/","title":{"rendered":"Cloro ativo + detergente wc\/cozinhas 425ml Concentralia"},"content":{"rendered":"","protected":false},"excerpt":{"rendered":"<p>Eficaz branqueador e desinfetante,<\/p>\n<div class=\"destacats\">\n<ul>\n<li>Cloro ativo<\/li>\n<li>Branqueamento<\/li>\n<li>Supersanitizer<\/li>\n<li>Alta a\u00e7\u00e3o desengordurante<\/li>\n<li>Desinfetante<\/li>\n<li>Espumante<\/li>\n<\/ul>\n<\/div>\n<div class=\"desktop_500\">\n<p>Modo utiliza\u00e7\u00e3o:<\/p>\n<p>Depois de encher a garrafa com \u00e1gua da torneira, o produto est\u00e1 pronto a ser utilizado.\u00a0Posteriormente, pode-se encher a garrafa com \u00e1gua da torneira do lado \u00c1GUA \/ \u00c1GUA at\u00e9 48 vezes e obter at\u00e9 15 litros de produto pronto a usar = 20 garrafas de 750ml.\u00a0Borrife, espalhe e esfregue com um pano, escova ou esfreg\u00e3o.\u00a0Aguarde alguns segundos e enxague com \u00e1gua ou pano h\u00famido.<\/p>\n<\/div>\n<h3 class=\"com_titular_rodona\"><\/h3>\n<div class=\"desktop_500\">\n<p><img loading=\"lazy\" decoding=\"async\" class=\"alignnone size-full wp-image-645\" src=\"https:\/\/concentralia.es\/wp-content\/uploads\/2019\/03\/instrucciones_prod2-1.jpg\" sizes=\"auto, (max-width: 1385px) 100vw, 1385px\" srcset=\"https:\/\/concentralia.com\/wp-content\/uploads\/2019\/03\/instrucciones_prod2-1.jpg 1385w, https:\/\/concentralia.com\/wp-content\/uploads\/2019\/03\/instrucciones_prod2-1-300x107.jpg 300w, https:\/\/concentralia.com\/wp-content\/uploads\/2019\/03\/instrucciones_prod2-1-768x273.jpg 768w, https:\/\/concentralia.com\/wp-content\/uploads\/2019\/03\/instrucciones_prod2-1-1024x364.jpg 1024w\" alt=\"\" width=\"1385\" height=\"493\" \/><\/p>\n<p>&nbsp;<\/p>\n<\/div>\n","protected":false},"featured_media":225,"comment_status":"open","ping_status":"closed","template":"","meta":[],"product_brand":[],"product_cat":[60,23],"product_tag":[103,102,98],"class_list":{"0":"post-224","1":"product","2":"type-product","3":"status-publish","4":"has-post-thumbnail","6":"product_cat-cozinha","7":"product_cat-quimicos","8":"product_tag-clareador","9":"product_tag-cloro","10":"product_tag-concentrado","12":"first","13":"instock","14":"sale","15":"purchasable","16":"product-type-simple"},"_links":{"self":[{"href":"https:\/\/quimicosaldeia.pt\/index.php\/wp-json\/wp\/v2\/product\/224","targetHints":{"allow":["GET"]}}],"collection":[{"href":"https:\/\/quimicosaldeia.pt\/index.php\/wp-json\/wp\/v2\/product"}],"about":[{"href":"https:\/\/quimicosaldeia.pt\/index.php\/wp-json\/wp\/v2\/types\/product"}],"replies":[{"embeddable":true,"href":"https:\/\/quimicosaldeia.pt\/index.php\/wp-json\/wp\/v2\/comments?post=224"}],"wp:featuredmedia":[{"embeddable":true,"href":"https:\/\/quimicosaldeia.pt\/index.php\/wp-json\/wp\/v2\/media\/225"}],"wp:attachment":[{"href":"https:\/\/quimicosaldeia.pt\/index.php\/wp-json\/wp\/v2\/media?parent=224"}],"wp:term":[{"taxonomy":"product_brand","embeddable":true,"href":"https:\/\/quimicosaldeia.pt\/index.php\/wp-json\/wp\/v2\/product_brand?post=224"},{"taxonomy":"product_cat","embeddable":true,"href":"https:\/\/quimicosaldeia.pt\/index.php\/wp-json\/wp\/v2\/product_cat?post=224"},{"taxonomy":"product_tag","embeddable":true,"href":"https:\/\/quimicosaldeia.pt\/index.php\/wp-json\/wp\/v2\/product_tag?post=224"}],"curies":[{"name":"wp","href":"https:\/\/api.w.org\/{rel}","templated":true}]}}