{"id":228,"date":"2021-04-08T13:19:17","date_gmt":"2021-04-08T13:19:17","guid":{"rendered":"https:\/\/quimicosaldeia.pt\/?post_type=product&#038;p=228"},"modified":"2025-06-11T23:23:54","modified_gmt":"2025-06-11T23:23:54","slug":"desengordurante-multisuperficies-425ml-concentralia","status":"publish","type":"product","link":"https:\/\/quimicosaldeia.pt\/index.php\/produto\/desengordurante-multisuperficies-425ml-concentralia\/","title":{"rendered":"Desengordurante Multisuperf\u00edcies 425ml Concentralia"},"content":{"rendered":"","protected":false},"excerpt":{"rendered":"<p>Eficaz desengordurante multisuperf\u00edcies,<\/p>\n<div class=\"destacats\">\n<ul>\n<li>Super brilho<\/li>\n<li>Fragr\u00e2ncia de lim\u00e3o<\/li>\n<li>Poder anti-graxa<\/li>\n<li>Efeito solvente<\/li>\n<li>Limpador energ\u00e9tico<\/li>\n<li>Alcalino<\/li>\n<\/ul>\n<\/div>\n<p>&nbsp;<\/p>\n<div>Modo utiliza\u00e7\u00e3o:<\/div>\n<div><\/div>\n<div class=\"cont_3d es_imatge\">Depois de encher a garrafa com \u00e1gua da torneira, o produto est\u00e1 pronto a ser utilizado.\u00a0Posteriormente, voc\u00ea pode encher a garrafa com \u00e1gua da torneira do lado \u00c1GUA \/ \u00c1GUA at\u00e9 48 vezes e voc\u00ea pode obter at\u00e9 15 litros de produto pronto para uso = 20 garrafas de 750ml.\u00a0Borrife, espalhe e esfregue com um pano, escova ou esfreg\u00e3o.\u00a0Aguarde alguns segundos e enxague com \u00e1gua ou pano h\u00famido.<\/div>\n<div><\/div>\n<div><\/div>\n<div><img decoding=\"async\" src=\"https:\/\/concentralia.es\/wp-content\/uploads\/2019\/03\/instrucciones_prod2-1.jpg\" \/><\/div>\n","protected":false},"featured_media":229,"comment_status":"open","ping_status":"closed","template":"","meta":[],"product_brand":[],"product_cat":[60,23],"product_tag":[98,104],"class_list":{"0":"post-228","1":"product","2":"type-product","3":"status-publish","4":"has-post-thumbnail","6":"product_cat-cozinha","7":"product_cat-quimicos","8":"product_tag-concentrado","9":"product_tag-desengordurante","11":"first","12":"instock","13":"sale","14":"purchasable","15":"product-type-simple"},"_links":{"self":[{"href":"https:\/\/quimicosaldeia.pt\/index.php\/wp-json\/wp\/v2\/product\/228","targetHints":{"allow":["GET"]}}],"collection":[{"href":"https:\/\/quimicosaldeia.pt\/index.php\/wp-json\/wp\/v2\/product"}],"about":[{"href":"https:\/\/quimicosaldeia.pt\/index.php\/wp-json\/wp\/v2\/types\/product"}],"replies":[{"embeddable":true,"href":"https:\/\/quimicosaldeia.pt\/index.php\/wp-json\/wp\/v2\/comments?post=228"}],"wp:featuredmedia":[{"embeddable":true,"href":"https:\/\/quimicosaldeia.pt\/index.php\/wp-json\/wp\/v2\/media\/229"}],"wp:attachment":[{"href":"https:\/\/quimicosaldeia.pt\/index.php\/wp-json\/wp\/v2\/media?parent=228"}],"wp:term":[{"taxonomy":"product_brand","embeddable":true,"href":"https:\/\/quimicosaldeia.pt\/index.php\/wp-json\/wp\/v2\/product_brand?post=228"},{"taxonomy":"product_cat","embeddable":true,"href":"https:\/\/quimicosaldeia.pt\/index.php\/wp-json\/wp\/v2\/product_cat?post=228"},{"taxonomy":"product_tag","embeddable":true,"href":"https:\/\/quimicosaldeia.pt\/index.php\/wp-json\/wp\/v2\/product_tag?post=228"}],"curies":[{"name":"wp","href":"https:\/\/api.w.org\/{rel}","templated":true}]}}