{"id":230,"date":"2021-04-08T13:34:45","date_gmt":"2021-04-08T13:34:45","guid":{"rendered":"https:\/\/quimicosaldeia.pt\/?post_type=product&#038;p=230"},"modified":"2025-11-28T13:03:26","modified_gmt":"2025-11-28T13:03:26","slug":"bio-alcool-cozinhas-e-sanitarios-425ml-concentralia","status":"publish","type":"product","link":"https:\/\/quimicosaldeia.pt\/index.php\/produto\/bio-alcool-cozinhas-e-sanitarios-425ml-concentralia\/","title":{"rendered":"Bio \u00c1lcool cozinhas e Sanit\u00e1rios 425ml Concentralia"},"content":{"rendered":"","protected":false},"excerpt":{"rendered":"<p>Eficaz higienizante e desinfetante,<\/p>\n<div class=\"destacats\">\n<ul>\n<li>Com efeito desengordurante<\/li>\n<li>Desinfetante<\/li>\n<li>Super brilho<\/li>\n<li>Perfume fresco<\/li>\n<li>Sem enxaguar<\/li>\n<li>Desinfeta sem \u00e1gua sanit\u00e1ria<\/li>\n<\/ul>\n<p>&nbsp;<\/p>\n<\/div>\n<p>Modo de utiliza\u00e7\u00e3o:<\/p>\n<p>Depois de encher a garrafa com \u00e1gua da torneira, o produto est\u00e1 pronto a ser utilizado.\u00a0Posteriormente, voc\u00ea pode encher a garrafa com \u00e1gua da torneira do lado \u00c1GUA \/ \u00c1GUA at\u00e9 48 vezes e voc\u00ea pode obter at\u00e9 15 litros de produto pronto para uso = 20 garrafas de 750ml.\u00a0Pulverize, espalhe e esfregue com um pano, at\u00e9 que se obtenha a auto-secagem.<\/p>\n<p>&nbsp;<\/p>\n<p><img decoding=\"async\" src=\"https:\/\/concentralia.es\/wp-content\/uploads\/2019\/03\/instrucciones_prod2-1.jpg\" \/><\/p>\n","protected":false},"featured_media":231,"comment_status":"open","ping_status":"closed","template":"","meta":[],"product_brand":[],"product_cat":[60,23],"product_tag":[105,106,107],"class_list":{"0":"post-230","1":"product","2":"type-product","3":"status-publish","4":"has-post-thumbnail","6":"product_cat-cozinha","7":"product_cat-quimicos","8":"product_tag-bioalcool","9":"product_tag-cozinha","10":"product_tag-sanitarios","12":"first","13":"instock","14":"sale","15":"purchasable","16":"product-type-simple"},"_links":{"self":[{"href":"https:\/\/quimicosaldeia.pt\/index.php\/wp-json\/wp\/v2\/product\/230","targetHints":{"allow":["GET"]}}],"collection":[{"href":"https:\/\/quimicosaldeia.pt\/index.php\/wp-json\/wp\/v2\/product"}],"about":[{"href":"https:\/\/quimicosaldeia.pt\/index.php\/wp-json\/wp\/v2\/types\/product"}],"replies":[{"embeddable":true,"href":"https:\/\/quimicosaldeia.pt\/index.php\/wp-json\/wp\/v2\/comments?post=230"}],"wp:featuredmedia":[{"embeddable":true,"href":"https:\/\/quimicosaldeia.pt\/index.php\/wp-json\/wp\/v2\/media\/231"}],"wp:attachment":[{"href":"https:\/\/quimicosaldeia.pt\/index.php\/wp-json\/wp\/v2\/media?parent=230"}],"wp:term":[{"taxonomy":"product_brand","embeddable":true,"href":"https:\/\/quimicosaldeia.pt\/index.php\/wp-json\/wp\/v2\/product_brand?post=230"},{"taxonomy":"product_cat","embeddable":true,"href":"https:\/\/quimicosaldeia.pt\/index.php\/wp-json\/wp\/v2\/product_cat?post=230"},{"taxonomy":"product_tag","embeddable":true,"href":"https:\/\/quimicosaldeia.pt\/index.php\/wp-json\/wp\/v2\/product_tag?post=230"}],"curies":[{"name":"wp","href":"https:\/\/api.w.org\/{rel}","templated":true}]}}