{"id":241,"date":"2021-04-29T13:55:10","date_gmt":"2021-04-29T13:55:10","guid":{"rendered":"https:\/\/quimicosaldeia.pt\/?post_type=product&#038;p=241"},"modified":"2021-09-27T12:11:09","modified_gmt":"2021-09-27T12:11:09","slug":"clean-plus-detergente-liquido-para-lavagem-louca-automatica-24kg","status":"publish","type":"product","link":"https:\/\/quimicosaldeia.pt\/index.php\/produto\/clean-plus-detergente-liquido-para-lavagem-louca-automatica-24kg\/","title":{"rendered":"Clean Plus-Detergente M\u00e1quina Lou\u00e7a-24kg"},"content":{"rendered":"","protected":false},"excerpt":{"rendered":"<p>Detergente concentrado para \u00e1guas duras e muito duras.<br \/>\nDetergente l\u00edquido para a lavagem da lou\u00e7a autom\u00e1tica. Produto concentrado com uma toler\u00e2ncia excepcional para \u00e1guas de extrema dureza. \u00c9 alcalino e altamente sequestrante, para obten\u00e7\u00e3o de uma m\u00e1xima efic\u00e1cia de limpeza. Como n\u00e3o cont\u00e9m fosfatos, evita a eutrofiza\u00e7\u00e3o das \u00e1guas residuais. Produto biodegrad\u00e1vel. \u00c9 extremamente est\u00e1vel, n\u00e3o perdendo qualidades com a luz. Este produto apresenta um novo conceito na limpeza de lou\u00e7as, remove e previne a forma\u00e7\u00e3o de manchas, devido ao seu elevado poder de sequestra\u00e7\u00e3o, n\u00e3o branqueia nem oculta manchas como outros produtos clorados, mas procede de imediato \u00e0 sua elimina\u00e7\u00e3o por arranque.<\/p>\n","protected":false},"featured_media":242,"comment_status":"open","ping_status":"closed","template":"","meta":[],"product_brand":[],"product_cat":[60,23],"product_tag":[178,109,177],"class_list":{"0":"post-241","1":"product","2":"type-product","3":"status-publish","4":"has-post-thumbnail","6":"product_cat-cozinha","7":"product_cat-quimicos","8":"product_tag-clean-plus","9":"product_tag-detergente","10":"product_tag-maquina-louca","12":"first","13":"instock","14":"sale","15":"purchasable","16":"product-type-simple"},"_links":{"self":[{"href":"https:\/\/quimicosaldeia.pt\/index.php\/wp-json\/wp\/v2\/product\/241","targetHints":{"allow":["GET"]}}],"collection":[{"href":"https:\/\/quimicosaldeia.pt\/index.php\/wp-json\/wp\/v2\/product"}],"about":[{"href":"https:\/\/quimicosaldeia.pt\/index.php\/wp-json\/wp\/v2\/types\/product"}],"replies":[{"embeddable":true,"href":"https:\/\/quimicosaldeia.pt\/index.php\/wp-json\/wp\/v2\/comments?post=241"}],"wp:featuredmedia":[{"embeddable":true,"href":"https:\/\/quimicosaldeia.pt\/index.php\/wp-json\/wp\/v2\/media\/242"}],"wp:attachment":[{"href":"https:\/\/quimicosaldeia.pt\/index.php\/wp-json\/wp\/v2\/media?parent=241"}],"wp:term":[{"taxonomy":"product_brand","embeddable":true,"href":"https:\/\/quimicosaldeia.pt\/index.php\/wp-json\/wp\/v2\/product_brand?post=241"},{"taxonomy":"product_cat","embeddable":true,"href":"https:\/\/quimicosaldeia.pt\/index.php\/wp-json\/wp\/v2\/product_cat?post=241"},{"taxonomy":"product_tag","embeddable":true,"href":"https:\/\/quimicosaldeia.pt\/index.php\/wp-json\/wp\/v2\/product_tag?post=241"}],"curies":[{"name":"wp","href":"https:\/\/api.w.org\/{rel}","templated":true}]}}