{"id":468,"date":"2022-04-26T16:44:25","date_gmt":"2022-04-26T16:44:25","guid":{"rendered":"https:\/\/quimicosaldeia.pt\/?post_type=product&#038;p=468"},"modified":"2022-04-26T16:44:25","modified_gmt":"2022-04-26T16:44:25","slug":"green-cristal-detergente-vidros-multiusos","status":"publish","type":"product","link":"https:\/\/quimicosaldeia.pt\/index.php\/produto\/green-cristal-detergente-vidros-multiusos\/","title":{"rendered":"GREEN CRISTAL &#8211; DETERGENTE VIDROS\/MULTIUSOS"},"content":{"rendered":"","protected":false},"excerpt":{"rendered":"<p>Detergente especialmente indicado para a limpeza de vidros e superf\u00edcies de a\u00e7o inoxid\u00e1vel,esmalte,porcelana, aparelhos electr\u00f3nicos como teclados e ecr\u00e3s, mobili\u00e1rio, etc.<br \/>\nAdequado para a limpeza de vidros e interiores de autom\u00f3veis.<br \/>\nProduto fabricado com mat\u00e9rias-primas naturais 100% biodegrad\u00e1veis.<\/p>\n<p>DESCRI\u00c7\u00c3O E PROPRIEDADES:<\/p>\n<p>L\u00edquido transparente de cor azulada, com um odor caracter\u00edstico agrad\u00e1vel.<br \/>\nIsento de mat\u00e9rias s\u00f3lidas em dissolu\u00e7\u00e3o, o que evita manchas e res\u00edduos ao secar.<br \/>\nFacilidade de utiliza\u00e7\u00e3o por pulveriza\u00e7\u00e3o sendo por isso econ\u00f3mico.<br \/>\nIn\u00f3cuo para a pele.\u00a0Seca rapidamente deixando uma pel\u00edcula que repele o p\u00f3.<\/p>\n","protected":false},"featured_media":469,"comment_status":"open","ping_status":"closed","template":"","meta":[],"product_brand":[],"product_cat":[23,113],"product_tag":[109,209,110],"class_list":{"0":"post-468","1":"product","2":"type-product","3":"status-publish","4":"has-post-thumbnail","6":"product_cat-quimicos","7":"product_cat-vidros","8":"product_tag-detergente","9":"product_tag-multiusos","10":"product_tag-vidros","12":"first","13":"instock","14":"purchasable","15":"product-type-simple"},"_links":{"self":[{"href":"https:\/\/quimicosaldeia.pt\/index.php\/wp-json\/wp\/v2\/product\/468","targetHints":{"allow":["GET"]}}],"collection":[{"href":"https:\/\/quimicosaldeia.pt\/index.php\/wp-json\/wp\/v2\/product"}],"about":[{"href":"https:\/\/quimicosaldeia.pt\/index.php\/wp-json\/wp\/v2\/types\/product"}],"replies":[{"embeddable":true,"href":"https:\/\/quimicosaldeia.pt\/index.php\/wp-json\/wp\/v2\/comments?post=468"}],"wp:featuredmedia":[{"embeddable":true,"href":"https:\/\/quimicosaldeia.pt\/index.php\/wp-json\/wp\/v2\/media\/469"}],"wp:attachment":[{"href":"https:\/\/quimicosaldeia.pt\/index.php\/wp-json\/wp\/v2\/media?parent=468"}],"wp:term":[{"taxonomy":"product_brand","embeddable":true,"href":"https:\/\/quimicosaldeia.pt\/index.php\/wp-json\/wp\/v2\/product_brand?post=468"},{"taxonomy":"product_cat","embeddable":true,"href":"https:\/\/quimicosaldeia.pt\/index.php\/wp-json\/wp\/v2\/product_cat?post=468"},{"taxonomy":"product_tag","embeddable":true,"href":"https:\/\/quimicosaldeia.pt\/index.php\/wp-json\/wp\/v2\/product_tag?post=468"}],"curies":[{"name":"wp","href":"https:\/\/api.w.org\/{rel}","templated":true}]}}