{"id":473,"date":"2022-06-24T11:35:08","date_gmt":"2022-06-24T11:35:08","guid":{"rendered":"https:\/\/quimicosaldeia.pt\/?post_type=product&#038;p=473"},"modified":"2022-06-24T11:46:44","modified_gmt":"2022-06-24T11:46:44","slug":"prosin-detergente-desinfetante-clorado","status":"publish","type":"product","link":"https:\/\/quimicosaldeia.pt\/index.php\/produto\/prosin-detergente-desinfetante-clorado\/","title":{"rendered":"PROSIN- DETERGENTE DESINFETANTE CLORADO 5L"},"content":{"rendered":"","protected":false},"excerpt":{"rendered":"<p>Detergente formulado especialmente para desinfetar e desodorizar qualquer<br \/>\ntipo de superf\u00edcies. Recomendado em sanit\u00e1rios, hospitais, restaurantes, entre outros locais,<br \/>\nProduto biodegrad\u00e1vel.<\/p>\n<p>Propriedades:<\/p>\n<p>L\u00edquido viscoso de cor amarelada e odor caracter\u00edstico a cloro.<br \/>\nAs propriedades do produto s\u00e3o muito espec\u00edficas, proporciona limpeza e desinfec\u00e7\u00e3o,<br \/>\neliminando os maus odores e destruindo os germes.<\/p>\n<p>Elimina manchas dif\u00edceis.<br \/>\nLix\u00edvia com detergente.<\/p>\n<p>Forma de emprego:<\/p>\n<p>Dilu\u00eddo em agua, doses de 1% a 5% dependendo da sujidade.<\/p>\n","protected":false},"featured_media":474,"comment_status":"open","ping_status":"closed","template":"","meta":[],"product_brand":[],"product_cat":[61,23],"product_tag":[215,160,109],"class_list":{"0":"post-473","1":"product","2":"type-product","3":"status-publish","4":"has-post-thumbnail","6":"product_cat-desinfetantes","7":"product_cat-quimicos","8":"product_tag-clorado","9":"product_tag-desinfetante","10":"product_tag-detergente","12":"first","13":"instock","14":"purchasable","15":"product-type-simple"},"_links":{"self":[{"href":"https:\/\/quimicosaldeia.pt\/index.php\/wp-json\/wp\/v2\/product\/473","targetHints":{"allow":["GET"]}}],"collection":[{"href":"https:\/\/quimicosaldeia.pt\/index.php\/wp-json\/wp\/v2\/product"}],"about":[{"href":"https:\/\/quimicosaldeia.pt\/index.php\/wp-json\/wp\/v2\/types\/product"}],"replies":[{"embeddable":true,"href":"https:\/\/quimicosaldeia.pt\/index.php\/wp-json\/wp\/v2\/comments?post=473"}],"wp:featuredmedia":[{"embeddable":true,"href":"https:\/\/quimicosaldeia.pt\/index.php\/wp-json\/wp\/v2\/media\/474"}],"wp:attachment":[{"href":"https:\/\/quimicosaldeia.pt\/index.php\/wp-json\/wp\/v2\/media?parent=473"}],"wp:term":[{"taxonomy":"product_brand","embeddable":true,"href":"https:\/\/quimicosaldeia.pt\/index.php\/wp-json\/wp\/v2\/product_brand?post=473"},{"taxonomy":"product_cat","embeddable":true,"href":"https:\/\/quimicosaldeia.pt\/index.php\/wp-json\/wp\/v2\/product_cat?post=473"},{"taxonomy":"product_tag","embeddable":true,"href":"https:\/\/quimicosaldeia.pt\/index.php\/wp-json\/wp\/v2\/product_tag?post=473"}],"curies":[{"name":"wp","href":"https:\/\/api.w.org\/{rel}","templated":true}]}}