{"id":476,"date":"2022-08-02T16:47:35","date_gmt":"2022-08-02T16:47:35","guid":{"rendered":"https:\/\/quimicosaldeia.pt\/?post_type=product&#038;p=476"},"modified":"2025-06-12T02:07:28","modified_gmt":"2025-06-12T02:07:28","slug":"gal-5l-algicida-liquido-para-piscinas","status":"publish","type":"product","link":"https:\/\/quimicosaldeia.pt\/index.php\/produto\/gal-5l-algicida-liquido-para-piscinas\/","title":{"rendered":"GAL 5L &#8211; Algicida L\u00edquido para Piscinas"},"content":{"rendered":"","protected":false},"excerpt":{"rendered":"<p>Gal &#8211; Potente algicida concebido para eliminar todo o tipo de algas, tanto em piscinas p\u00fablicas como<br \/>\nprivadas.<\/p>\n<p>Modo de utiliza\u00e7\u00e3o: Juntar 1L de GAL por cada 20m3 de \u00e1gua.<\/p>\n<p>&nbsp;<\/p>\n","protected":false},"featured_media":477,"comment_status":"open","ping_status":"closed","template":"","meta":[],"product_brand":[],"product_cat":[114,23],"product_tag":[216,217],"class_list":{"0":"post-476","1":"product","2":"type-product","3":"status-publish","4":"has-post-thumbnail","6":"product_cat-piscinas","7":"product_cat-quimicos","8":"product_tag-algicida","9":"product_tag-piscina","11":"first","12":"instock","13":"purchasable","14":"product-type-simple"},"_links":{"self":[{"href":"https:\/\/quimicosaldeia.pt\/index.php\/wp-json\/wp\/v2\/product\/476","targetHints":{"allow":["GET"]}}],"collection":[{"href":"https:\/\/quimicosaldeia.pt\/index.php\/wp-json\/wp\/v2\/product"}],"about":[{"href":"https:\/\/quimicosaldeia.pt\/index.php\/wp-json\/wp\/v2\/types\/product"}],"replies":[{"embeddable":true,"href":"https:\/\/quimicosaldeia.pt\/index.php\/wp-json\/wp\/v2\/comments?post=476"}],"wp:featuredmedia":[{"embeddable":true,"href":"https:\/\/quimicosaldeia.pt\/index.php\/wp-json\/wp\/v2\/media\/477"}],"wp:attachment":[{"href":"https:\/\/quimicosaldeia.pt\/index.php\/wp-json\/wp\/v2\/media?parent=476"}],"wp:term":[{"taxonomy":"product_brand","embeddable":true,"href":"https:\/\/quimicosaldeia.pt\/index.php\/wp-json\/wp\/v2\/product_brand?post=476"},{"taxonomy":"product_cat","embeddable":true,"href":"https:\/\/quimicosaldeia.pt\/index.php\/wp-json\/wp\/v2\/product_cat?post=476"},{"taxonomy":"product_tag","embeddable":true,"href":"https:\/\/quimicosaldeia.pt\/index.php\/wp-json\/wp\/v2\/product_tag?post=476"}],"curies":[{"name":"wp","href":"https:\/\/api.w.org\/{rel}","templated":true}]}}