{"id":478,"date":"2022-08-02T17:45:42","date_gmt":"2022-08-02T17:45:42","guid":{"rendered":"https:\/\/quimicosaldeia.pt\/?post_type=product&#038;p=478"},"modified":"2022-08-02T17:46:54","modified_gmt":"2022-08-02T17:46:54","slug":"econet-5kg-pastilhas-3-efeitos-p-piscinas","status":"publish","type":"product","link":"https:\/\/quimicosaldeia.pt\/index.php\/produto\/econet-5kg-pastilhas-3-efeitos-p-piscinas\/","title":{"rendered":"ECONET 5KG &#8211; PASTILHAS 3 EFEITOS P\/PISCINAS"},"content":{"rendered":"","protected":false},"excerpt":{"rendered":"<p>Econet 5 kg &#8211; Pastilhas com efeito cloro, anti algas e floculante , mantendo a \u00e1gua cristalina da piscina.<\/p>\n<p>Cada pastilha tem 200gr, de dissolu\u00e7\u00e3o lenta desinfetando a \u00e1gua.<\/p>\n<p>&nbsp;<\/p>\n<p>&nbsp;<\/p>\n","protected":false},"featured_media":479,"comment_status":"open","ping_status":"closed","template":"","meta":[],"product_brand":[],"product_cat":[114,23],"product_tag":[219,102,220,218,217],"class_list":{"0":"post-478","1":"product","2":"type-product","3":"status-publish","4":"has-post-thumbnail","6":"product_cat-piscinas","7":"product_cat-quimicos","8":"product_tag-antialgas","9":"product_tag-cloro","10":"product_tag-floculante","11":"product_tag-pastlha","12":"product_tag-piscina","14":"first","15":"instock","16":"purchasable","17":"product-type-simple"},"_links":{"self":[{"href":"https:\/\/quimicosaldeia.pt\/index.php\/wp-json\/wp\/v2\/product\/478","targetHints":{"allow":["GET"]}}],"collection":[{"href":"https:\/\/quimicosaldeia.pt\/index.php\/wp-json\/wp\/v2\/product"}],"about":[{"href":"https:\/\/quimicosaldeia.pt\/index.php\/wp-json\/wp\/v2\/types\/product"}],"replies":[{"embeddable":true,"href":"https:\/\/quimicosaldeia.pt\/index.php\/wp-json\/wp\/v2\/comments?post=478"}],"wp:featuredmedia":[{"embeddable":true,"href":"https:\/\/quimicosaldeia.pt\/index.php\/wp-json\/wp\/v2\/media\/479"}],"wp:attachment":[{"href":"https:\/\/quimicosaldeia.pt\/index.php\/wp-json\/wp\/v2\/media?parent=478"}],"wp:term":[{"taxonomy":"product_brand","embeddable":true,"href":"https:\/\/quimicosaldeia.pt\/index.php\/wp-json\/wp\/v2\/product_brand?post=478"},{"taxonomy":"product_cat","embeddable":true,"href":"https:\/\/quimicosaldeia.pt\/index.php\/wp-json\/wp\/v2\/product_cat?post=478"},{"taxonomy":"product_tag","embeddable":true,"href":"https:\/\/quimicosaldeia.pt\/index.php\/wp-json\/wp\/v2\/product_tag?post=478"}],"curies":[{"name":"wp","href":"https:\/\/api.w.org\/{rel}","templated":true}]}}