{"id":482,"date":"2022-09-05T18:12:05","date_gmt":"2022-09-05T18:12:05","guid":{"rendered":"https:\/\/quimicosaldeia.pt\/?post_type=product&#038;p=482"},"modified":"2022-11-21T12:18:48","modified_gmt":"2022-11-21T12:18:48","slug":"detergente-louca-manual-mistolin-5l-hll-m","status":"publish","type":"product","link":"https:\/\/quimicosaldeia.pt\/index.php\/produto\/detergente-louca-manual-mistolin-5l-hll-m\/","title":{"rendered":"Detergente lou\u00e7a manual Mistolin 5L &#8211; HLL M"},"content":{"rendered":"","protected":false},"excerpt":{"rendered":"<p>HLL \u2013 M<\/p>\n<p>DETERGENTE CONCENTRADO PARA LAVAGEM MANUAL DE LOU\u00c7A<\/p>\n<p>Detergente com fragr\u00e2ncia a lim\u00e3o, indicado para a lavagem manual de todo o tipo de lou\u00e7a e utens\u00edlios de cozinha. Apresenta boa capacidade para remover res\u00edduos de gorduras e alimentos secos, deixando a lou\u00e7a com mais brilho. A elevada forma\u00e7\u00e3o de espuma permite maior rendimento do produto.<\/p>\n<p>VANTAGENS DO PRODUTO:<br \/>\n&#8211; Produto muito concentrado, o que permite maior rentabiliza\u00e7\u00e3o das lavagens.<br \/>\n&#8211; Excelente poder desengordurante.<br \/>\n&#8211; Bons resultados de lavagem.<br \/>\n&#8211; N\u00e3o \u00e9 agressivo para a pele. Mant\u00e9m a pele suave e cuidada.<\/p>\n<p>MODO DE UTILIZA\u00c7\u00c3O:<br \/>\nAntes de usar o produto, aconselha-se um pr\u00e9 \u2013 enxaguamento, de modo a remover a sujidade mais grosseira.<br \/>\nColocar 3 ml no esfreg\u00e3o ou usar 20 ml de produto por cada 10 litros de \u00e1gua e mergulhar a lou\u00e7a na solu\u00e7\u00e3o. Passar com a esponja para facilitar a remo\u00e7\u00e3o da sujidade e enxaguar muito bem.<\/p>\n<p>&nbsp;<\/p>\n","protected":false},"featured_media":483,"comment_status":"open","ping_status":"closed","template":"","meta":[],"product_brand":[],"product_cat":[60,23],"product_tag":[221,182,179],"class_list":{"0":"post-482","1":"product","2":"type-product","3":"status-publish","4":"has-post-thumbnail","6":"product_cat-cozinha","7":"product_cat-quimicos","8":"product_tag-detergente-loica","9":"product_tag-hll-m","10":"product_tag-mistolin","12":"first","13":"instock","14":"purchasable","15":"product-type-simple"},"_links":{"self":[{"href":"https:\/\/quimicosaldeia.pt\/index.php\/wp-json\/wp\/v2\/product\/482","targetHints":{"allow":["GET"]}}],"collection":[{"href":"https:\/\/quimicosaldeia.pt\/index.php\/wp-json\/wp\/v2\/product"}],"about":[{"href":"https:\/\/quimicosaldeia.pt\/index.php\/wp-json\/wp\/v2\/types\/product"}],"replies":[{"embeddable":true,"href":"https:\/\/quimicosaldeia.pt\/index.php\/wp-json\/wp\/v2\/comments?post=482"}],"wp:featuredmedia":[{"embeddable":true,"href":"https:\/\/quimicosaldeia.pt\/index.php\/wp-json\/wp\/v2\/media\/483"}],"wp:attachment":[{"href":"https:\/\/quimicosaldeia.pt\/index.php\/wp-json\/wp\/v2\/media?parent=482"}],"wp:term":[{"taxonomy":"product_brand","embeddable":true,"href":"https:\/\/quimicosaldeia.pt\/index.php\/wp-json\/wp\/v2\/product_brand?post=482"},{"taxonomy":"product_cat","embeddable":true,"href":"https:\/\/quimicosaldeia.pt\/index.php\/wp-json\/wp\/v2\/product_cat?post=482"},{"taxonomy":"product_tag","embeddable":true,"href":"https:\/\/quimicosaldeia.pt\/index.php\/wp-json\/wp\/v2\/product_tag?post=482"}],"curies":[{"name":"wp","href":"https:\/\/api.w.org\/{rel}","templated":true}]}}