{"id":486,"date":"2025-05-02T09:57:41","date_gmt":"2025-05-02T09:57:41","guid":{"rendered":"https:\/\/quimicosaldeia.pt\/?post_type=product&#038;p=486"},"modified":"2025-05-02T09:57:41","modified_gmt":"2025-05-02T09:57:41","slug":"al-matic-detergente-maquina-loica-5l","status":"publish","type":"product","link":"https:\/\/quimicosaldeia.pt\/index.php\/produto\/al-matic-detergente-maquina-loica-5l\/","title":{"rendered":"AL MATIC- Detergente M\u00e1quina Loi\u00e7a 5L"},"content":{"rendered":"","protected":false},"excerpt":{"rendered":"<p>Detergente de alta concentra\u00e7\u00e3o formulado para \u00e1guas universais. Eficaz inclusivamente nos res\u00edduos mais resistentes. Conserva em perfeito estado as m\u00e1quinas e as pe\u00e7as lavadas. A sua baixa dosagem permite optimizar ao m\u00e1ximo o processo de lavagem juntamente com os nossos equipamentos autom\u00e1ticos. A sua composi\u00e7\u00e3o cont\u00e9m inibidores de corros\u00e3o e agentes que evitam a forma\u00e7\u00e3o de dep\u00f3sitos de calc\u00e1rio nas m\u00e1quinas.<\/p>\n","protected":false},"featured_media":704,"comment_status":"open","ping_status":"closed","template":"","meta":[],"product_brand":[],"product_cat":[60,23],"product_tag":[296],"class_list":{"0":"post-486","1":"product","2":"type-product","3":"status-publish","4":"has-post-thumbnail","6":"product_cat-cozinha","7":"product_cat-quimicos","8":"product_tag-detergente-maquina-loica","10":"first","11":"instock","12":"purchasable","13":"product-type-simple"},"_links":{"self":[{"href":"https:\/\/quimicosaldeia.pt\/index.php\/wp-json\/wp\/v2\/product\/486","targetHints":{"allow":["GET"]}}],"collection":[{"href":"https:\/\/quimicosaldeia.pt\/index.php\/wp-json\/wp\/v2\/product"}],"about":[{"href":"https:\/\/quimicosaldeia.pt\/index.php\/wp-json\/wp\/v2\/types\/product"}],"replies":[{"embeddable":true,"href":"https:\/\/quimicosaldeia.pt\/index.php\/wp-json\/wp\/v2\/comments?post=486"}],"wp:featuredmedia":[{"embeddable":true,"href":"https:\/\/quimicosaldeia.pt\/index.php\/wp-json\/wp\/v2\/media\/704"}],"wp:attachment":[{"href":"https:\/\/quimicosaldeia.pt\/index.php\/wp-json\/wp\/v2\/media?parent=486"}],"wp:term":[{"taxonomy":"product_brand","embeddable":true,"href":"https:\/\/quimicosaldeia.pt\/index.php\/wp-json\/wp\/v2\/product_brand?post=486"},{"taxonomy":"product_cat","embeddable":true,"href":"https:\/\/quimicosaldeia.pt\/index.php\/wp-json\/wp\/v2\/product_cat?post=486"},{"taxonomy":"product_tag","embeddable":true,"href":"https:\/\/quimicosaldeia.pt\/index.php\/wp-json\/wp\/v2\/product_tag?post=486"}],"curies":[{"name":"wp","href":"https:\/\/api.w.org\/{rel}","templated":true}]}}