{"id":551,"date":"2023-02-20T17:18:13","date_gmt":"2023-02-20T17:18:13","guid":{"rendered":"https:\/\/quimicosaldeia.pt\/?post_type=product&#038;p=551"},"modified":"2023-06-27T08:30:49","modified_gmt":"2023-06-27T08:30:49","slug":"tex-supra-20kg-detergente-concentrado-em-po-para-lavagem-de-roupa","status":"publish","type":"product","link":"https:\/\/quimicosaldeia.pt\/index.php\/produto\/tex-supra-20kg-detergente-concentrado-em-po-para-lavagem-de-roupa\/","title":{"rendered":"TEX SUPRA 20kg &#8211; Detergente concentrado em p\u00f3 para lavagem de roupa"},"content":{"rendered":"","protected":false},"excerpt":{"rendered":"<p>Detergente atomizado para roupa branca e de cor.<br \/>\nDetergente t\u00eaxtil com atomizado enzim\u00e1tico concentrado, adequado para a limpeza de todo o tipo de roupa como len\u00e7\u00f3is, toalhas, toalhas de mesa, fibras sint\u00e9ticas, deixando um aroma bastante agrad\u00e1vel.<br \/>\nExcelentes resultados, tanto em roupa branca como de cor.<\/p>\n<p>Rent\u00e1vel.<\/p>\n<p>Apto para lavandarias e uso dom\u00e9stico.<\/p>\n<p>&nbsp;<\/p>\n","protected":false},"featured_media":552,"comment_status":"open","ping_status":"closed","template":"","meta":[],"product_brand":[],"product_cat":[64,23],"product_tag":[245,246],"class_list":{"0":"post-551","1":"product","2":"type-product","3":"status-publish","4":"has-post-thumbnail","6":"product_cat-lavandaria","7":"product_cat-quimicos","8":"product_tag-detergente-po","9":"product_tag-roupa","11":"first","12":"instock","13":"purchasable","14":"product-type-simple"},"_links":{"self":[{"href":"https:\/\/quimicosaldeia.pt\/index.php\/wp-json\/wp\/v2\/product\/551","targetHints":{"allow":["GET"]}}],"collection":[{"href":"https:\/\/quimicosaldeia.pt\/index.php\/wp-json\/wp\/v2\/product"}],"about":[{"href":"https:\/\/quimicosaldeia.pt\/index.php\/wp-json\/wp\/v2\/types\/product"}],"replies":[{"embeddable":true,"href":"https:\/\/quimicosaldeia.pt\/index.php\/wp-json\/wp\/v2\/comments?post=551"}],"wp:featuredmedia":[{"embeddable":true,"href":"https:\/\/quimicosaldeia.pt\/index.php\/wp-json\/wp\/v2\/media\/552"}],"wp:attachment":[{"href":"https:\/\/quimicosaldeia.pt\/index.php\/wp-json\/wp\/v2\/media?parent=551"}],"wp:term":[{"taxonomy":"product_brand","embeddable":true,"href":"https:\/\/quimicosaldeia.pt\/index.php\/wp-json\/wp\/v2\/product_brand?post=551"},{"taxonomy":"product_cat","embeddable":true,"href":"https:\/\/quimicosaldeia.pt\/index.php\/wp-json\/wp\/v2\/product_cat?post=551"},{"taxonomy":"product_tag","embeddable":true,"href":"https:\/\/quimicosaldeia.pt\/index.php\/wp-json\/wp\/v2\/product_tag?post=551"}],"curies":[{"name":"wp","href":"https:\/\/api.w.org\/{rel}","templated":true}]}}