{"id":564,"date":"2023-05-19T08:36:12","date_gmt":"2023-05-19T08:36:12","guid":{"rendered":"https:\/\/quimicosaldeia.pt\/?post_type=product&#038;p=564"},"modified":"2023-05-19T08:36:12","modified_gmt":"2023-05-19T08:36:12","slug":"mopa-magica-360o-com-balde","status":"publish","type":"product","link":"https:\/\/quimicosaldeia.pt\/index.php\/produto\/mopa-magica-360o-com-balde\/","title":{"rendered":"MOPA M\u00c1GICA 360\u00ba COM BALDE"},"content":{"rendered":"","protected":false},"excerpt":{"rendered":"<p>A Mopa M\u00e1gica 360\u00ba com Balde \u00e9 a solu\u00e7\u00e3o\u00a0<em>wash &amp; dry<\/em>\u00a0da\u00a0<a href=\"http:\/\/www.sibina.com\/\">Sibina<\/a>. Eficaz em qualquer tipo de superf\u00edcie. Ideal para uma limpeza profunda e sem esfor\u00e7o.<\/p>\n<p>Com um sistema inovador que lhe permite\u00a0<strong>limpar qualquer tipo de superf\u00edcies<\/strong>\u00a0de uma forma muito pr\u00e1tica e vers\u00e1til, seja a seco ou molhado, esta mopa remove facilmente manchas, pelos de animais ou p\u00f3.<\/p>\n<p>Gra\u00e7as ao seu formato plano e\u00a0<strong>sistema girat\u00f3rio 360\u00ba<\/strong>, agora \u00e9 poss\u00edvel chegar aos cantos mais dif\u00edceis, superf\u00edcies mais altas e baixas, com total leveza e rapidez, s<strong>em precisar de recorrer a diferentes aparelhos para cada divis\u00e3o da casa<\/strong>, com o m\u00ednimo de esfor\u00e7o, de \u00e1gua e de produtos de limpeza.<\/p>\n<p>O seu balde com capacidade at\u00e9 5,5L e um sistema de roldanas, permite\u00a0<strong>lavar e secar as fibras da mopa a cada passagem<\/strong>, expulsando a sujidade.<br \/>\nPossui ainda um\u00a0<strong>sistema de drenagem na parte inferior<\/strong>, facilitando assim a sa\u00edda da \u00e1gua no final das limpezas.<\/p>\n<p><strong>Principais vantagens:<\/strong><\/p>\n<ul>\n<li>Excelente para limpar zonas de dif\u00edcil alcance<\/li>\n<li>Utiliza\u00e7\u00e3o c\u00f3moda, vers\u00e1til e multifuncional<\/li>\n<li>Indicada para todo o tipo de superf\u00edcies<\/li>\n<li>Pode ser usada a seco ou molhada<\/li>\n<li>Desmont\u00e1vel, reutiliz\u00e1vel e lav\u00e1vel<\/li>\n<li>Leve, f\u00e1cil de utilizar e de guardar<\/li>\n<\/ul>\n<p>&nbsp;<\/p>\n<p><strong>Caracter\u00edsticas gerais:<\/strong><\/p>\n<ul>\n<li>Mopa plana e girat\u00f3ria (360\u00ba) que permite limpar \u00e1reas de dif\u00edcil alcance<\/li>\n<li>Indicada para qualquer superf\u00edcie: cer\u00e2mica, parquet, janelas, etc<\/li>\n<li>Sistema de limpeza inovador e mais eficiente<\/li>\n<li>Balde com dois compartimentos separados<\/li>\n<li>As roldanas do balde permitem lavar e secar a mopa em apenas algumas passagens<\/li>\n<li>Balde com pega de transporte e sistema inteligente de extra\u00e7\u00e3o da \u00e1gua<\/li>\n<li>Design ergon\u00f3mico, elegante e compacto<\/li>\n<\/ul>\n<p>&nbsp;<\/p>\n<p><strong>Kit inclui:<\/strong><\/p>\n<ul>\n<li>Mopa<\/li>\n<li>2 Panos microfibras<\/li>\n<li>Cabo extens\u00edvel<\/li>\n<li>Balde<\/li>\n<\/ul>\n","protected":false},"featured_media":565,"comment_status":"open","ping_status":"closed","template":"","meta":[],"product_brand":[],"product_cat":[141,143,140],"product_tag":[253,252],"class_list":{"0":"post-564","1":"product","2":"type-product","3":"status-publish","4":"has-post-thumbnail","6":"product_cat-baldes","7":"product_cat-esfregonas","8":"product_cat-utensilios-de-limpeza","9":"product_tag-253","10":"product_tag-mopa","12":"first","13":"instock","14":"purchasable","15":"product-type-simple"},"_links":{"self":[{"href":"https:\/\/quimicosaldeia.pt\/index.php\/wp-json\/wp\/v2\/product\/564","targetHints":{"allow":["GET"]}}],"collection":[{"href":"https:\/\/quimicosaldeia.pt\/index.php\/wp-json\/wp\/v2\/product"}],"about":[{"href":"https:\/\/quimicosaldeia.pt\/index.php\/wp-json\/wp\/v2\/types\/product"}],"replies":[{"embeddable":true,"href":"https:\/\/quimicosaldeia.pt\/index.php\/wp-json\/wp\/v2\/comments?post=564"}],"wp:featuredmedia":[{"embeddable":true,"href":"https:\/\/quimicosaldeia.pt\/index.php\/wp-json\/wp\/v2\/media\/565"}],"wp:attachment":[{"href":"https:\/\/quimicosaldeia.pt\/index.php\/wp-json\/wp\/v2\/media?parent=564"}],"wp:term":[{"taxonomy":"product_brand","embeddable":true,"href":"https:\/\/quimicosaldeia.pt\/index.php\/wp-json\/wp\/v2\/product_brand?post=564"},{"taxonomy":"product_cat","embeddable":true,"href":"https:\/\/quimicosaldeia.pt\/index.php\/wp-json\/wp\/v2\/product_cat?post=564"},{"taxonomy":"product_tag","embeddable":true,"href":"https:\/\/quimicosaldeia.pt\/index.php\/wp-json\/wp\/v2\/product_tag?post=564"}],"curies":[{"name":"wp","href":"https:\/\/api.w.org\/{rel}","templated":true}]}}