{"id":577,"date":"2023-07-07T16:24:54","date_gmt":"2023-07-07T16:24:54","guid":{"rendered":"https:\/\/quimicosaldeia.pt\/?post_type=product&#038;p=577"},"modified":"2025-06-10T18:57:58","modified_gmt":"2025-06-10T18:57:58","slug":"protexsun-spf50-250ml-creme-solar-de-alta-protecao","status":"publish","type":"product","link":"https:\/\/quimicosaldeia.pt\/index.php\/produto\/protexsun-spf50-250ml-creme-solar-de-alta-protecao\/","title":{"rendered":"PROTEXSUN SPF50 250ml &#8211; CREME SOLAR DE ALTA PROTE\u00c7\u00c3O"},"content":{"rendered":"","protected":false},"excerpt":{"rendered":"<p>Creme solar para proteger a pele dos raios UVA\/UVB, e prevenir queimaduras solares desagrad\u00e1veis e o envelhecimento prematuro da pele. Protexsun Protection \u00e9 adequado para todos os trabalhadores expostos \u00e0 radia\u00e7\u00e3o solar e que trabalham ao ar livre.<\/p>\n<p>Modo de usar: Aplicar o creme sobre a pele seca e limpa antes da exposi\u00e7\u00e3o aos raios UV. Aplicar v\u00e1rias vezes, especialmente em caso de contacto com \u00e1gua, para manter eficazmente a barreira solar.<\/p>\n","protected":false},"featured_media":578,"comment_status":"open","ping_status":"closed","template":"","meta":[],"product_brand":[],"product_cat":[65,23],"product_tag":[260],"class_list":{"0":"post-577","1":"product","2":"type-product","3":"status-publish","4":"has-post-thumbnail","6":"product_cat-higiene-maos","7":"product_cat-quimicos","8":"product_tag-creme-protetor-solar","10":"first","11":"instock","12":"purchasable","13":"product-type-simple"},"_links":{"self":[{"href":"https:\/\/quimicosaldeia.pt\/index.php\/wp-json\/wp\/v2\/product\/577","targetHints":{"allow":["GET"]}}],"collection":[{"href":"https:\/\/quimicosaldeia.pt\/index.php\/wp-json\/wp\/v2\/product"}],"about":[{"href":"https:\/\/quimicosaldeia.pt\/index.php\/wp-json\/wp\/v2\/types\/product"}],"replies":[{"embeddable":true,"href":"https:\/\/quimicosaldeia.pt\/index.php\/wp-json\/wp\/v2\/comments?post=577"}],"wp:featuredmedia":[{"embeddable":true,"href":"https:\/\/quimicosaldeia.pt\/index.php\/wp-json\/wp\/v2\/media\/578"}],"wp:attachment":[{"href":"https:\/\/quimicosaldeia.pt\/index.php\/wp-json\/wp\/v2\/media?parent=577"}],"wp:term":[{"taxonomy":"product_brand","embeddable":true,"href":"https:\/\/quimicosaldeia.pt\/index.php\/wp-json\/wp\/v2\/product_brand?post=577"},{"taxonomy":"product_cat","embeddable":true,"href":"https:\/\/quimicosaldeia.pt\/index.php\/wp-json\/wp\/v2\/product_cat?post=577"},{"taxonomy":"product_tag","embeddable":true,"href":"https:\/\/quimicosaldeia.pt\/index.php\/wp-json\/wp\/v2\/product_tag?post=577"}],"curies":[{"name":"wp","href":"https:\/\/api.w.org\/{rel}","templated":true}]}}