{"id":587,"date":"2023-10-26T15:28:14","date_gmt":"2023-10-26T15:28:14","guid":{"rendered":"https:\/\/quimicosaldeia.pt\/?post_type=product&#038;p=587"},"modified":"2023-10-26T15:28:14","modified_gmt":"2023-10-26T15:28:14","slug":"bota-de-seguranca-prof-neoparts-mod-ns-s1p003btbl","status":"publish","type":"product","link":"https:\/\/quimicosaldeia.pt\/index.php\/produto\/bota-de-seguranca-prof-neoparts-mod-ns-s1p003btbl\/","title":{"rendered":"BOTA DE SEGURAN\u00c7A PROF. NEOPARTS  Mod.NS-S1P003BTBL"},"content":{"rendered":"","protected":false},"excerpt":{"rendered":"<p>Os Cal\u00e7ados de Seguran\u00e7a s\u00e3o Equipamentos de Prote\u00e7\u00e3o Individual (EPIs) exclusivos para prote\u00e7\u00e3o dos p\u00e9s dos trabalhadores na constru\u00e7\u00e3o civil, cozinhas industriais, f\u00e1bricas e todos os demais sectores em que seja desempenhada atividade que coloque os p\u00e9s ou dedos em risco de acidente. A Neosafety possui diferentes modelos de Cal\u00e7ados e Botas de Seguran\u00e7a para todos os sectores e necessidades de seguran\u00e7a.<\/p>\n","protected":false},"featured_media":588,"comment_status":"open","ping_status":"closed","template":"","meta":[],"product_brand":[],"product_cat":[139,132,23],"product_tag":[263,266,265,264],"class_list":{"0":"post-587","1":"product","2":"type-product","3":"status-publish","4":"has-post-thumbnail","6":"product_cat-calcado","7":"product_cat-material-de-protecao","8":"product_cat-quimicos","9":"product_tag-bota","10":"product_tag-neoparts","11":"product_tag-profissional","12":"product_tag-seguranca","14":"first","15":"instock","16":"purchasable","17":"product-type-simple"},"_links":{"self":[{"href":"https:\/\/quimicosaldeia.pt\/index.php\/wp-json\/wp\/v2\/product\/587","targetHints":{"allow":["GET"]}}],"collection":[{"href":"https:\/\/quimicosaldeia.pt\/index.php\/wp-json\/wp\/v2\/product"}],"about":[{"href":"https:\/\/quimicosaldeia.pt\/index.php\/wp-json\/wp\/v2\/types\/product"}],"replies":[{"embeddable":true,"href":"https:\/\/quimicosaldeia.pt\/index.php\/wp-json\/wp\/v2\/comments?post=587"}],"wp:featuredmedia":[{"embeddable":true,"href":"https:\/\/quimicosaldeia.pt\/index.php\/wp-json\/wp\/v2\/media\/588"}],"wp:attachment":[{"href":"https:\/\/quimicosaldeia.pt\/index.php\/wp-json\/wp\/v2\/media?parent=587"}],"wp:term":[{"taxonomy":"product_brand","embeddable":true,"href":"https:\/\/quimicosaldeia.pt\/index.php\/wp-json\/wp\/v2\/product_brand?post=587"},{"taxonomy":"product_cat","embeddable":true,"href":"https:\/\/quimicosaldeia.pt\/index.php\/wp-json\/wp\/v2\/product_cat?post=587"},{"taxonomy":"product_tag","embeddable":true,"href":"https:\/\/quimicosaldeia.pt\/index.php\/wp-json\/wp\/v2\/product_tag?post=587"}],"curies":[{"name":"wp","href":"https:\/\/api.w.org\/{rel}","templated":true}]}}