{"id":609,"date":"2024-03-22T16:41:00","date_gmt":"2024-03-22T16:41:00","guid":{"rendered":"https:\/\/quimicosaldeia.pt\/?post_type=product&#038;p=609"},"modified":"2025-06-12T03:04:16","modified_gmt":"2025-06-12T03:04:16","slug":"limpa-bolores-e-sujidades-plock-750ml","status":"publish","type":"product","link":"https:\/\/quimicosaldeia.pt\/index.php\/produto\/limpa-bolores-e-sujidades-plock-750ml\/","title":{"rendered":"Limpa bolores e sujidades Plock 750ml"},"content":{"rendered":"","protected":false},"excerpt":{"rendered":"<p>PLOK bolores e sujidades \u00e9 eficaz na limpeza de superf\u00edcies em zonas h\u00famidas, onde os bolores e as sujidades prevalecem.<\/p>\n<p>A sua f\u00f3rmula ativa elimina rapidamente manchas de bolor, fungos e outras sujidades, podendo ser utilizada em diversas superf\u00edcies como banheiras, chuveiros, paredes, azulejos, casas de banho.<\/p>\n<p>Produto de uso dom\u00e9stico para limpeza de superf\u00edcies, onde os bolores e as sujidades prevalecem.\u00a0Pode ser aplicado em paredes, azulejos, banheiras, deixando as superf\u00edcies no seu melhor.\u00a0Aten\u00e7\u00e3o: N\u00e3o deve ser utilizado em pedras naturais como m\u00e1rmore e granito, cobre, alum\u00ednio, lin\u00f3leo, tecidos e carpetes, madeira tratada, entre outros materiais sens\u00edveis.<\/p>\n<p><strong>MODO DE EMPREGO<\/strong><\/p>\n<p>Pulverize o produto puro a uma dist\u00e2ncia de 15-20cm da zona onde deseja aplicar o produto.\u00a0Deixar atuar uns segundos e de seguida esfregar com uma esponja\/pano \u00famido.\u00a0Enxaguar abundantemente com \u00e1gua para evitar que o produto seque na superf\u00edcie.\u00a0Para manchas dif\u00edceis repita o processo conforme as vezes necess\u00e1rias.<\/p>\n<p>&nbsp;<\/p>\n","protected":false},"featured_media":610,"comment_status":"open","ping_status":"closed","template":"","meta":[],"product_brand":[],"product_cat":[23,63],"product_tag":[277,278],"class_list":{"0":"post-609","1":"product","2":"type-product","3":"status-publish","4":"has-post-thumbnail","6":"product_cat-quimicos","7":"product_cat-wc","8":"product_tag-bolores","9":"product_tag-sujidades","11":"first","12":"instock","13":"purchasable","14":"product-type-simple"},"_links":{"self":[{"href":"https:\/\/quimicosaldeia.pt\/index.php\/wp-json\/wp\/v2\/product\/609","targetHints":{"allow":["GET"]}}],"collection":[{"href":"https:\/\/quimicosaldeia.pt\/index.php\/wp-json\/wp\/v2\/product"}],"about":[{"href":"https:\/\/quimicosaldeia.pt\/index.php\/wp-json\/wp\/v2\/types\/product"}],"replies":[{"embeddable":true,"href":"https:\/\/quimicosaldeia.pt\/index.php\/wp-json\/wp\/v2\/comments?post=609"}],"wp:featuredmedia":[{"embeddable":true,"href":"https:\/\/quimicosaldeia.pt\/index.php\/wp-json\/wp\/v2\/media\/610"}],"wp:attachment":[{"href":"https:\/\/quimicosaldeia.pt\/index.php\/wp-json\/wp\/v2\/media?parent=609"}],"wp:term":[{"taxonomy":"product_brand","embeddable":true,"href":"https:\/\/quimicosaldeia.pt\/index.php\/wp-json\/wp\/v2\/product_brand?post=609"},{"taxonomy":"product_cat","embeddable":true,"href":"https:\/\/quimicosaldeia.pt\/index.php\/wp-json\/wp\/v2\/product_cat?post=609"},{"taxonomy":"product_tag","embeddable":true,"href":"https:\/\/quimicosaldeia.pt\/index.php\/wp-json\/wp\/v2\/product_tag?post=609"}],"curies":[{"name":"wp","href":"https:\/\/api.w.org\/{rel}","templated":true}]}}