{"id":615,"date":"2024-04-22T10:23:31","date_gmt":"2024-04-22T10:23:31","guid":{"rendered":"https:\/\/quimicosaldeia.pt\/?post_type=product&#038;p=615"},"modified":"2025-06-11T08:28:14","modified_gmt":"2025-06-11T08:28:14","slug":"dispensador-de-papel-higienico-jumbo-timeless-abs-branco-jofel","status":"publish","type":"product","link":"https:\/\/quimicosaldeia.pt\/index.php\/produto\/dispensador-de-papel-higienico-jumbo-timeless-abs-branco-jofel\/","title":{"rendered":"DISPENSADOR DE PAPEL HIGI\u00c9NICO JUMBO \u201cTIMELESS\u201d ABS BRANCO JOFEL"},"content":{"rendered":"","protected":false},"excerpt":{"rendered":"<ul>\n<li><span>Dispensador de rolo de papel higi\u00e9nico<\/span><\/li>\n<li><span>Feito de pl\u00e1stico reciclado branco de alta qualidade 50% certificado e 50% ABS..<\/span><\/li>\n<li><span>Bloqueio com chave e visualizador de conte\u00fado.<\/span><\/li>\n<li><span>Syst\u00e8me d&#8217;ouverture double<\/span><\/li>\n<li><span>Para rolos at\u00e9 300 m e com di\u00e2metro de 220 mm.<\/span><\/li>\n<li><span>Para mandris com di\u00e2metro de 45 mm.<\/span><\/li>\n<li><span>F\u00e1cil de limpar e substituir o rolo.<\/span><\/li>\n<li><span>Robusto, resistente e de longa dura\u00e7\u00e3o.<\/span><\/li>\n<li><span>Tampa articulada para f\u00e1cil abertura.<\/span><\/li>\n<li><span>Design moderno que se adapta perfeitamente a qualquer instala\u00e7\u00e3o e decora\u00e7\u00e3o<\/span><\/li>\n<li><span>Ideal para locais com m\u00e9dio a alto tr\u00e1fego de pessoas.<\/span><\/li>\n<li><span>Recomendado para coletividades e banheiros p\u00fablicos.<\/span><\/li>\n<\/ul>\n","protected":false},"featured_media":616,"comment_status":"open","ping_status":"closed","template":"","meta":[],"product_brand":[],"product_cat":[44,118],"product_tag":[96,280],"class_list":{"0":"post-615","1":"product","2":"type-product","3":"status-publish","4":"has-post-thumbnail","6":"product_cat-dispensadores","7":"product_cat-porta-rolos","8":"product_tag-dispensador","9":"product_tag-jumbo-timeless","11":"first","12":"instock","13":"purchasable","14":"product-type-simple"},"_links":{"self":[{"href":"https:\/\/quimicosaldeia.pt\/index.php\/wp-json\/wp\/v2\/product\/615","targetHints":{"allow":["GET"]}}],"collection":[{"href":"https:\/\/quimicosaldeia.pt\/index.php\/wp-json\/wp\/v2\/product"}],"about":[{"href":"https:\/\/quimicosaldeia.pt\/index.php\/wp-json\/wp\/v2\/types\/product"}],"replies":[{"embeddable":true,"href":"https:\/\/quimicosaldeia.pt\/index.php\/wp-json\/wp\/v2\/comments?post=615"}],"wp:featuredmedia":[{"embeddable":true,"href":"https:\/\/quimicosaldeia.pt\/index.php\/wp-json\/wp\/v2\/media\/616"}],"wp:attachment":[{"href":"https:\/\/quimicosaldeia.pt\/index.php\/wp-json\/wp\/v2\/media?parent=615"}],"wp:term":[{"taxonomy":"product_brand","embeddable":true,"href":"https:\/\/quimicosaldeia.pt\/index.php\/wp-json\/wp\/v2\/product_brand?post=615"},{"taxonomy":"product_cat","embeddable":true,"href":"https:\/\/quimicosaldeia.pt\/index.php\/wp-json\/wp\/v2\/product_cat?post=615"},{"taxonomy":"product_tag","embeddable":true,"href":"https:\/\/quimicosaldeia.pt\/index.php\/wp-json\/wp\/v2\/product_tag?post=615"}],"curies":[{"name":"wp","href":"https:\/\/api.w.org\/{rel}","templated":true}]}}