{"id":617,"date":"2024-04-22T11:02:22","date_gmt":"2024-04-22T11:02:22","guid":{"rendered":"https:\/\/quimicosaldeia.pt\/?post_type=product&#038;p=617"},"modified":"2025-06-11T14:59:25","modified_gmt":"2025-06-11T14:59:25","slug":"dispensador-de-toalha-em-papel-z-fold-timeless-abs-branco-jofel","status":"publish","type":"product","link":"https:\/\/quimicosaldeia.pt\/index.php\/produto\/dispensador-de-toalha-em-papel-z-fold-timeless-abs-branco-jofel\/","title":{"rendered":"DISPENSADOR PARA TOALHA DE PAPEL Z-FOLD &#8220;TIMELESS&#8221; ABS BRANCO JOFEL"},"content":{"rendered":"","protected":false},"excerpt":{"rendered":"<ul>\n<li>Dispensador de toalhas de m\u00e3o com dobra em Z.<\/li>\n<li>Feito de pl\u00e1stico reciclado branco 50% certificado e 50% ABS.<\/li>\n<li>Fechadura com chave, visor nivelado e tampa articulada.<\/li>\n<li>Sistema de abertura dupla<\/li>\n<li>Acomoda at\u00e9 600 toalhas dobradas em z.<\/li>\n<li>Entrega toalhas desdobradas pela parte de baixo, uma de cada vez: custo reduzido.<\/li>\n<li>O reabastecimento de toalhas \u00e9 f\u00e1cil, r\u00e1pido e simples.<\/li>\n<li>Economia m\u00e1xima de papel.<\/li>\n<li>Higi\u00e9nico: Evita contamina\u00e7\u00e3o ao tocar manualmente nas toalhas.<\/li>\n<li>Vida robusta e duradoura.<\/li>\n<li>F\u00e1cil de limpar e manter.<\/li>\n<li>Ideal para locais com alto tr\u00e1fego de pessoas.<\/li>\n<li>Recomendado para coletividades e banheiros p\u00fablicos.<\/li>\n<\/ul>\n","protected":false},"featured_media":618,"comment_status":"open","ping_status":"closed","template":"","meta":[],"product_brand":[],"product_cat":[44,116],"product_tag":[96,282,281],"class_list":{"0":"post-617","1":"product","2":"type-product","3":"status-publish","4":"has-post-thumbnail","6":"product_cat-dispensadores","7":"product_cat-toalheiros","8":"product_tag-dispensador","9":"product_tag-timeless","10":"product_tag-toalha-mao","12":"first","13":"instock","14":"purchasable","15":"product-type-simple"},"_links":{"self":[{"href":"https:\/\/quimicosaldeia.pt\/index.php\/wp-json\/wp\/v2\/product\/617","targetHints":{"allow":["GET"]}}],"collection":[{"href":"https:\/\/quimicosaldeia.pt\/index.php\/wp-json\/wp\/v2\/product"}],"about":[{"href":"https:\/\/quimicosaldeia.pt\/index.php\/wp-json\/wp\/v2\/types\/product"}],"replies":[{"embeddable":true,"href":"https:\/\/quimicosaldeia.pt\/index.php\/wp-json\/wp\/v2\/comments?post=617"}],"wp:featuredmedia":[{"embeddable":true,"href":"https:\/\/quimicosaldeia.pt\/index.php\/wp-json\/wp\/v2\/media\/618"}],"wp:attachment":[{"href":"https:\/\/quimicosaldeia.pt\/index.php\/wp-json\/wp\/v2\/media?parent=617"}],"wp:term":[{"taxonomy":"product_brand","embeddable":true,"href":"https:\/\/quimicosaldeia.pt\/index.php\/wp-json\/wp\/v2\/product_brand?post=617"},{"taxonomy":"product_cat","embeddable":true,"href":"https:\/\/quimicosaldeia.pt\/index.php\/wp-json\/wp\/v2\/product_cat?post=617"},{"taxonomy":"product_tag","embeddable":true,"href":"https:\/\/quimicosaldeia.pt\/index.php\/wp-json\/wp\/v2\/product_tag?post=617"}],"curies":[{"name":"wp","href":"https:\/\/api.w.org\/{rel}","templated":true}]}}