{"id":712,"date":"2025-05-02T10:58:43","date_gmt":"2025-05-02T10:58:43","guid":{"rendered":"https:\/\/quimicosaldeia.pt\/?post_type=product&#038;p=712"},"modified":"2025-05-02T11:14:25","modified_gmt":"2025-05-02T11:14:25","slug":"esfregona-industrial-300g","status":"publish","type":"product","link":"https:\/\/quimicosaldeia.pt\/index.php\/produto\/esfregona-industrial-300g\/","title":{"rendered":"Esfregona Industrial (300g) c\/cabo met\u00e1lico 1,20mt"},"content":{"rendered":"","protected":false},"excerpt":{"rendered":"<p>A linha industrial de esfregonas foi projetada para responder \u00e0s necessidades da industria ou de quem tem em m\u00e3os superficies com uma grande \u00e1rea.<\/p>\n","protected":false},"featured_media":714,"comment_status":"open","ping_status":"closed","template":"","meta":[],"product_brand":[],"product_cat":[143,140],"product_tag":[304],"class_list":{"0":"post-712","1":"product","2":"type-product","3":"status-publish","4":"has-post-thumbnail","6":"product_cat-esfregonas","7":"product_cat-utensilios-de-limpeza","8":"product_tag-esfregona-industrial","10":"first","11":"instock","12":"purchasable","13":"product-type-simple"},"_links":{"self":[{"href":"https:\/\/quimicosaldeia.pt\/index.php\/wp-json\/wp\/v2\/product\/712","targetHints":{"allow":["GET"]}}],"collection":[{"href":"https:\/\/quimicosaldeia.pt\/index.php\/wp-json\/wp\/v2\/product"}],"about":[{"href":"https:\/\/quimicosaldeia.pt\/index.php\/wp-json\/wp\/v2\/types\/product"}],"replies":[{"embeddable":true,"href":"https:\/\/quimicosaldeia.pt\/index.php\/wp-json\/wp\/v2\/comments?post=712"}],"wp:featuredmedia":[{"embeddable":true,"href":"https:\/\/quimicosaldeia.pt\/index.php\/wp-json\/wp\/v2\/media\/714"}],"wp:attachment":[{"href":"https:\/\/quimicosaldeia.pt\/index.php\/wp-json\/wp\/v2\/media?parent=712"}],"wp:term":[{"taxonomy":"product_brand","embeddable":true,"href":"https:\/\/quimicosaldeia.pt\/index.php\/wp-json\/wp\/v2\/product_brand?post=712"},{"taxonomy":"product_cat","embeddable":true,"href":"https:\/\/quimicosaldeia.pt\/index.php\/wp-json\/wp\/v2\/product_cat?post=712"},{"taxonomy":"product_tag","embeddable":true,"href":"https:\/\/quimicosaldeia.pt\/index.php\/wp-json\/wp\/v2\/product_tag?post=712"}],"curies":[{"name":"wp","href":"https:\/\/api.w.org\/{rel}","templated":true}]}}