{"id":717,"date":"2025-05-02T15:34:33","date_gmt":"2025-05-02T15:34:33","guid":{"rendered":"https:\/\/quimicosaldeia.pt\/?post_type=product&#038;p=717"},"modified":"2025-06-07T04:10:52","modified_gmt":"2025-06-07T04:10:52","slug":"balde-com-pedal-esfregona-de-cantos-cabo-ultraspin-kit-vileda","status":"publish","type":"product","link":"https:\/\/quimicosaldeia.pt\/index.php\/produto\/balde-com-pedal-esfregona-de-cantos-cabo-ultraspin-kit-vileda\/","title":{"rendered":"Balde com Pedal + Esfregona de Cantos + cabo &#8211; UltraSpin kit Vileda"},"content":{"rendered":"","protected":false},"excerpt":{"rendered":"<p>O sistema UltraSpin Mini combina um revolucion\u00e1rio escorredor por centrifuga\u00e7\u00e3o, com uma mopa 100% de microfibras e cabo. Juntamente com a facilidade de utiliza\u00e7\u00e3o, apresenta altos e eficazes resultados, reduzindo o custo, o tempo e o esfor\u00e7o para o utilizador.<\/p>\n","protected":false},"featured_media":718,"comment_status":"open","ping_status":"closed","template":"","meta":[],"product_brand":[],"product_cat":[141,140],"product_tag":[307,308],"class_list":{"0":"post-717","1":"product","2":"type-product","3":"status-publish","4":"has-post-thumbnail","6":"product_cat-baldes","7":"product_cat-utensilios-de-limpeza","8":"product_tag-balde-ultraspin","9":"product_tag-vileda","11":"first","12":"instock","13":"purchasable","14":"product-type-simple"},"_links":{"self":[{"href":"https:\/\/quimicosaldeia.pt\/index.php\/wp-json\/wp\/v2\/product\/717","targetHints":{"allow":["GET"]}}],"collection":[{"href":"https:\/\/quimicosaldeia.pt\/index.php\/wp-json\/wp\/v2\/product"}],"about":[{"href":"https:\/\/quimicosaldeia.pt\/index.php\/wp-json\/wp\/v2\/types\/product"}],"replies":[{"embeddable":true,"href":"https:\/\/quimicosaldeia.pt\/index.php\/wp-json\/wp\/v2\/comments?post=717"}],"wp:featuredmedia":[{"embeddable":true,"href":"https:\/\/quimicosaldeia.pt\/index.php\/wp-json\/wp\/v2\/media\/718"}],"wp:attachment":[{"href":"https:\/\/quimicosaldeia.pt\/index.php\/wp-json\/wp\/v2\/media?parent=717"}],"wp:term":[{"taxonomy":"product_brand","embeddable":true,"href":"https:\/\/quimicosaldeia.pt\/index.php\/wp-json\/wp\/v2\/product_brand?post=717"},{"taxonomy":"product_cat","embeddable":true,"href":"https:\/\/quimicosaldeia.pt\/index.php\/wp-json\/wp\/v2\/product_cat?post=717"},{"taxonomy":"product_tag","embeddable":true,"href":"https:\/\/quimicosaldeia.pt\/index.php\/wp-json\/wp\/v2\/product_tag?post=717"}],"curies":[{"name":"wp","href":"https:\/\/api.w.org\/{rel}","templated":true}]}}