{"id":754,"date":"2025-07-09T11:36:32","date_gmt":"2025-07-09T11:36:32","guid":{"rendered":"https:\/\/quimicosaldeia.pt\/?post_type=product&#038;p=754"},"modified":"2025-07-09T11:36:32","modified_gmt":"2025-07-09T11:36:32","slug":"saboneteira-aitana-multifuncoes-branca-preta-jofel","status":"publish","type":"product","link":"https:\/\/quimicosaldeia.pt\/index.php\/produto\/saboneteira-aitana-multifuncoes-branca-preta-jofel\/","title":{"rendered":"SABONETEIRA AITANA MULTIFUN\u00c7\u00d5ES BRANCA\/PRETA JOFEL"},"content":{"rendered":"","protected":false},"excerpt":{"rendered":"<p>Saboneteiras doseadoras de gel ou espuma para m\u00e3os. Em ABS resistente, incluem um visor frontal de controlo de carga.  Para recargas de 1L. De f\u00e1cil manuten\u00e7\u00e3o e limpeza. Especialmente indicados para comunidades ou servi\u00e7os com alta rotatividade de pessoas. <\/p>\n","protected":false},"featured_media":755,"comment_status":"open","ping_status":"closed","template":"","meta":[],"product_brand":[],"product_cat":[44,119],"product_tag":[258,320,279],"class_list":{"0":"post-754","1":"product","2":"type-product","3":"status-publish","4":"has-post-thumbnail","6":"product_cat-dispensadores","7":"product_cat-saboneteiras","8":"product_tag-jofel","9":"product_tag-multifuncoes","10":"product_tag-saboneteira","12":"first","13":"instock","14":"purchasable","15":"product-type-simple"},"_links":{"self":[{"href":"https:\/\/quimicosaldeia.pt\/index.php\/wp-json\/wp\/v2\/product\/754","targetHints":{"allow":["GET"]}}],"collection":[{"href":"https:\/\/quimicosaldeia.pt\/index.php\/wp-json\/wp\/v2\/product"}],"about":[{"href":"https:\/\/quimicosaldeia.pt\/index.php\/wp-json\/wp\/v2\/types\/product"}],"replies":[{"embeddable":true,"href":"https:\/\/quimicosaldeia.pt\/index.php\/wp-json\/wp\/v2\/comments?post=754"}],"wp:featuredmedia":[{"embeddable":true,"href":"https:\/\/quimicosaldeia.pt\/index.php\/wp-json\/wp\/v2\/media\/755"}],"wp:attachment":[{"href":"https:\/\/quimicosaldeia.pt\/index.php\/wp-json\/wp\/v2\/media?parent=754"}],"wp:term":[{"taxonomy":"product_brand","embeddable":true,"href":"https:\/\/quimicosaldeia.pt\/index.php\/wp-json\/wp\/v2\/product_brand?post=754"},{"taxonomy":"product_cat","embeddable":true,"href":"https:\/\/quimicosaldeia.pt\/index.php\/wp-json\/wp\/v2\/product_cat?post=754"},{"taxonomy":"product_tag","embeddable":true,"href":"https:\/\/quimicosaldeia.pt\/index.php\/wp-json\/wp\/v2\/product_tag?post=754"}],"curies":[{"name":"wp","href":"https:\/\/api.w.org\/{rel}","templated":true}]}}