{"id":762,"date":"2025-10-31T12:20:46","date_gmt":"2025-10-31T12:20:46","guid":{"rendered":"https:\/\/quimicosaldeia.pt\/?post_type=product&#038;p=762"},"modified":"2025-10-31T12:20:46","modified_gmt":"2025-10-31T12:20:46","slug":"caixa-contentora-rect-6-4-20-domplex","status":"publish","type":"product","link":"https:\/\/quimicosaldeia.pt\/index.php\/produto\/caixa-contentora-rect-6-4-20-domplex\/","title":{"rendered":"Caixa contentora rect. 6.4.20 Domplex"},"content":{"rendered":"","protected":false},"excerpt":{"rendered":"<p>Caixa contentora rect. 6.4.20<br \/>\nDomplex \u00e9 a marca l\u00edder da Plastidom, para a qual tanto a investiga\u00e7\u00e3o como o desenvolvimento de produto s\u00e3o orientados. Os produtos s\u00e3o maioritariamente produzidos pelo processo de inje\u00e7\u00e3o de pol\u00edmeros.<br \/>\nCapacidade:38L<br \/>\ndimens\u00f5es:600x400x200mm<\/p>\n","protected":false},"featured_media":763,"comment_status":"open","ping_status":"closed","template":"","meta":[],"product_brand":[],"product_cat":[48],"product_tag":[325,238],"class_list":{"0":"post-762","1":"product","2":"type-product","3":"status-publish","4":"has-post-thumbnail","6":"product_cat-recolha-residuos","7":"product_tag-caixa-contentora","8":"product_tag-domplex","10":"first","11":"instock","12":"purchasable","13":"product-type-simple"},"_links":{"self":[{"href":"https:\/\/quimicosaldeia.pt\/index.php\/wp-json\/wp\/v2\/product\/762","targetHints":{"allow":["GET"]}}],"collection":[{"href":"https:\/\/quimicosaldeia.pt\/index.php\/wp-json\/wp\/v2\/product"}],"about":[{"href":"https:\/\/quimicosaldeia.pt\/index.php\/wp-json\/wp\/v2\/types\/product"}],"replies":[{"embeddable":true,"href":"https:\/\/quimicosaldeia.pt\/index.php\/wp-json\/wp\/v2\/comments?post=762"}],"wp:featuredmedia":[{"embeddable":true,"href":"https:\/\/quimicosaldeia.pt\/index.php\/wp-json\/wp\/v2\/media\/763"}],"wp:attachment":[{"href":"https:\/\/quimicosaldeia.pt\/index.php\/wp-json\/wp\/v2\/media?parent=762"}],"wp:term":[{"taxonomy":"product_brand","embeddable":true,"href":"https:\/\/quimicosaldeia.pt\/index.php\/wp-json\/wp\/v2\/product_brand?post=762"},{"taxonomy":"product_cat","embeddable":true,"href":"https:\/\/quimicosaldeia.pt\/index.php\/wp-json\/wp\/v2\/product_cat?post=762"},{"taxonomy":"product_tag","embeddable":true,"href":"https:\/\/quimicosaldeia.pt\/index.php\/wp-json\/wp\/v2\/product_tag?post=762"}],"curies":[{"name":"wp","href":"https:\/\/api.w.org\/{rel}","templated":true}]}}