{"id":766,"date":"2025-11-10T11:52:35","date_gmt":"2025-11-10T11:52:35","guid":{"rendered":"https:\/\/quimicosaldeia.pt\/?post_type=product&#038;p=766"},"modified":"2025-11-10T11:52:35","modified_gmt":"2025-11-10T11:52:35","slug":"carro-de-limpeza-c-duplo-balde-e-prensa-nickita-50l","status":"publish","type":"product","link":"https:\/\/quimicosaldeia.pt\/index.php\/produto\/carro-de-limpeza-c-duplo-balde-e-prensa-nickita-50l\/","title":{"rendered":"CARRO DE LIMPEZA c\/DUPLO BALDE E PRENSA NICKITA 50L"},"content":{"rendered":"","protected":false},"excerpt":{"rendered":"<p>Carro de limpeza com duplo balde, pega lateral e capacidade de 50L. Equipado com espremedor Tec, estrutura colorida e rodas de 80mm com amortecedores. O Nickita apresenta-se como uma evolu\u00e7\u00e3o do tradicional carro de duplo balde, destacando-se pelas seguintes caracter\u00edsticas: DESIGN: Bom acabamento, subtil e elegante, adequado a qualquer ambiente. ERGON\u00d3MICO: o espremedor est\u00e1 posicionado num patamar mais elevado que os restantes no mercado, reduzindo a flex\u00e3o e a tens\u00e3o do utilizador e melhorando a sa\u00fade profissional. FLEX\u00cdVEL: Leve e compacto, facilitando o seu manuseamento durante o processo de limpeza e posterior armazenamento. VERS\u00c1TIL: estrutura singular compat\u00edvel com baldes de 15 e 25 L e com todos os espremedores TTS. PR\u00c1TICO: a estrutura de f\u00e1cil empilhamento minimiza o espa\u00e7o de armazenamento e optimiza o transporte, reduzindo o impacto ambiental. ECOL\u00d3GICO: fabricado com pl\u00e1stico reciclado, sem parafusos met\u00e1licos. De f\u00e1cil e total reciclagem no final de vida. PERSONALIZ\u00c1VEL: dispon\u00edvel com um c\u00f3modo gancho para sinal de pavimento ou espanador e um cesto para guardar acess\u00f3rios de limpeza.<\/p>\n","protected":false},"featured_media":767,"comment_status":"open","ping_status":"closed","template":"","meta":[],"product_brand":[],"product_cat":[115,21],"product_tag":[326,327],"class_list":{"0":"post-766","1":"product","2":"type-product","3":"status-publish","4":"has-post-thumbnail","6":"product_cat-carros-limpeza","7":"product_cat-equipamentos","8":"product_tag-carrolimpeza","9":"product_tag-nickita50l","11":"first","12":"instock","13":"purchasable","14":"product-type-simple"},"_links":{"self":[{"href":"https:\/\/quimicosaldeia.pt\/index.php\/wp-json\/wp\/v2\/product\/766","targetHints":{"allow":["GET"]}}],"collection":[{"href":"https:\/\/quimicosaldeia.pt\/index.php\/wp-json\/wp\/v2\/product"}],"about":[{"href":"https:\/\/quimicosaldeia.pt\/index.php\/wp-json\/wp\/v2\/types\/product"}],"replies":[{"embeddable":true,"href":"https:\/\/quimicosaldeia.pt\/index.php\/wp-json\/wp\/v2\/comments?post=766"}],"wp:featuredmedia":[{"embeddable":true,"href":"https:\/\/quimicosaldeia.pt\/index.php\/wp-json\/wp\/v2\/media\/767"}],"wp:attachment":[{"href":"https:\/\/quimicosaldeia.pt\/index.php\/wp-json\/wp\/v2\/media?parent=766"}],"wp:term":[{"taxonomy":"product_brand","embeddable":true,"href":"https:\/\/quimicosaldeia.pt\/index.php\/wp-json\/wp\/v2\/product_brand?post=766"},{"taxonomy":"product_cat","embeddable":true,"href":"https:\/\/quimicosaldeia.pt\/index.php\/wp-json\/wp\/v2\/product_cat?post=766"},{"taxonomy":"product_tag","embeddable":true,"href":"https:\/\/quimicosaldeia.pt\/index.php\/wp-json\/wp\/v2\/product_tag?post=766"}],"curies":[{"name":"wp","href":"https:\/\/api.w.org\/{rel}","templated":true}]}}