{"id":768,"date":"2025-11-10T12:21:19","date_gmt":"2025-11-10T12:21:19","guid":{"rendered":"https:\/\/quimicosaldeia.pt\/?post_type=product&#038;p=768"},"modified":"2025-11-10T12:21:19","modified_gmt":"2025-11-10T12:21:19","slug":"xerox-plus-detergente-multiusos-neutro-5l","status":"publish","type":"product","link":"https:\/\/quimicosaldeia.pt\/index.php\/produto\/xerox-plus-detergente-multiusos-neutro-5l\/","title":{"rendered":"Xerox Plus &#8211; Detergente Multiusos Neutro 5L"},"content":{"rendered":"","protected":false},"excerpt":{"rendered":"<p>Xerox Plus \u00e9 um detergente forte multiusos neutro. \u00c9 um detergente viscoso, neutro, concentrado e perfumado. Xerox Plus \u00e9 recomendado para pavimentos, paredes e superf\u00edcies vitrificadas, sanit\u00e1rios, etc. N\u00e3o arranha nenhuma superf\u00edcie, limpa e desengordura a fundo. Limpa sem manchar e sem deixar vest\u00edgios. Este detergente para pavimentos e superf\u00edcies \u00e9 f\u00e1cil e pr\u00e1tico de aplicar, sendo in\u00f3cuo para as m\u00e3os. Muito concentrado, obtendo-se um elevado rendimento. Produto biodegrad\u00e1vel, que cumpre as normas vigentes actuais.<\/p>\n","protected":false},"featured_media":769,"comment_status":"open","ping_status":"closed","template":"","meta":[],"product_brand":[],"product_cat":[62,23],"product_tag":[209,329,328],"class_list":{"0":"post-768","1":"product","2":"type-product","3":"status-publish","4":"has-post-thumbnail","6":"product_cat-pavimentos","7":"product_cat-quimicos","8":"product_tag-multiusos","9":"product_tag-neutro","10":"product_tag-xeroxplus","12":"first","13":"instock","14":"purchasable","15":"product-type-simple"},"_links":{"self":[{"href":"https:\/\/quimicosaldeia.pt\/index.php\/wp-json\/wp\/v2\/product\/768","targetHints":{"allow":["GET"]}}],"collection":[{"href":"https:\/\/quimicosaldeia.pt\/index.php\/wp-json\/wp\/v2\/product"}],"about":[{"href":"https:\/\/quimicosaldeia.pt\/index.php\/wp-json\/wp\/v2\/types\/product"}],"replies":[{"embeddable":true,"href":"https:\/\/quimicosaldeia.pt\/index.php\/wp-json\/wp\/v2\/comments?post=768"}],"wp:featuredmedia":[{"embeddable":true,"href":"https:\/\/quimicosaldeia.pt\/index.php\/wp-json\/wp\/v2\/media\/769"}],"wp:attachment":[{"href":"https:\/\/quimicosaldeia.pt\/index.php\/wp-json\/wp\/v2\/media?parent=768"}],"wp:term":[{"taxonomy":"product_brand","embeddable":true,"href":"https:\/\/quimicosaldeia.pt\/index.php\/wp-json\/wp\/v2\/product_brand?post=768"},{"taxonomy":"product_cat","embeddable":true,"href":"https:\/\/quimicosaldeia.pt\/index.php\/wp-json\/wp\/v2\/product_cat?post=768"},{"taxonomy":"product_tag","embeddable":true,"href":"https:\/\/quimicosaldeia.pt\/index.php\/wp-json\/wp\/v2\/product_tag?post=768"}],"curies":[{"name":"wp","href":"https:\/\/api.w.org\/{rel}","templated":true}]}}